{"id":534,"date":"2020-03-23T08:25:17","date_gmt":"2020-03-23T08:25:17","guid":{"rendered":"https:\/\/spaces.filmschule.de\/about\/?page_id=534"},"modified":"2023-10-09T12:55:13","modified_gmt":"2023-10-09T10:55:13","slug":"spaces-verwalten","status":"publish","type":"page","link":"https:\/\/spaces.th-koeln.de\/hilfe\/spaces-verwalten\/","title":{"rendered":"Spaces verwalten"},"content":{"rendered":"\n<details class=\"wp-block-details is-layout-flow wp-block-details-is-layout-flow\"><summary>Einem Space beitreten<\/summary>\n<p>Klickt auf den Space, dem Ihr beitreten wollt, und klickt dann in der Sidebar auf <strong>Join this Space<\/strong>.<\/p>\n\n\n\n<p>Eine \u00dcbersicht \u00fcber die verschiedenen Kategorien der Spaces findest du \u00fcber den Reiter Arbeitsr\u00e4ume.<\/p>\n\n\n\n<figure class=\"wp-block-image size-full\"><img decoding=\"async\" width=\"1376\" height=\"825\" async='on' loading='lazy' src=\"https:\/\/spaces.th-koeln.de\/\/app\/uploads\/sites\/14\/2020\/03\/lufxwz2ske.gif\" alt=\"\" class=\"wp-image-454\"\/><\/figure>\n<\/details>\n\n\n\n<details class=\"wp-block-details is-layout-flow wp-block-details-is-layout-flow\"><summary>Einen Space erstellen<\/summary>\n<p>Um einen Space zu erstellen, klickt im Men\u00fc<strong> Spaces<\/strong> auf <strong>Einen Space erstellen.<\/strong><\/p>\n\n\n\n<p>Hier k\u00f6nnt Ihr den Namen Eures Spaces und eine Beschreibung hinzuf\u00fcgen. Bitte w\u00e4hlt unbedingt eine Kategorie (Seminar, Lehrprojekt, o.\u00e4.) aus, damit der Space im Men\u00fc erscheint.<\/p>\n\n\n\n<p>Tipp: Wenn Ihr einen Space erstellen und bearbeiten m\u00f6chtet, bevor andere Nutzer*innen beitreten k\u00f6nnen, k\u00f6nnt Ihr den Zugriff auf den Space zun\u00e4chst einschr\u00e4nken, sp\u00e4ter dann wieder freigeben.<\/p>\n\n\n\n<figure class=\"wp-block-image\"><img decoding=\"async\" async='on' loading='lazy' src=\"https:\/\/blobs.gitbook.com\/assets%2F-M-tCP3UDSRd_zMBv083%2F-M-tHsg8tVGIYdecccPC%2F-M-tLRLF4fmN78jqkT7p%2FMdfqCqTMO9.gif?alt=media&amp;token=84e3fb92-bebc-46b6-b038-8b4e50d258af\" alt=\"\"\/><\/figure>\n<\/details>\n\n\n\n<details class=\"wp-block-details is-layout-flow wp-block-details-is-layout-flow\"><summary>Beitrittsberechtigungen anpassen<\/summary>\n<p>Ihr k\u00f6nnt die Privatsph\u00e4reeinstellungen anpassen, um zu bestimmen, wer Inhalte eines Spaces sehen oder dem Space beitreten kann.<\/p>\n\n\n\n<p>\u00dcber das Zahnrad gelangt ihr zu den <strong>Einstellungen<\/strong> und k\u00f6nnt festlegen, ob die Spaces-Community die Inhalte Eures Spaces sehen darf, ob Nutzer*innen selbstst\u00e4ndig beitreten k\u00f6nnen, oder ob Nutzer*innen manuell von einer*m Admin hinzugef\u00fcgt werden m\u00fcssen.<\/p>\n\n\n\n<figure class=\"wp-block-image size-full\"><img decoding=\"async\" width=\"1298\" height=\"866\" async='on' loading='lazy' src=\"https:\/\/spaces.th-koeln.de\/\/app\/uploads\/sites\/14\/2020\/03\/glvkd5h6r8.gif\" alt=\"\" class=\"wp-image-462\"\/><\/figure>\n\n\n\n<p><\/p>\n<\/details>\n\n\n\n<details class=\"wp-block-details is-layout-flow wp-block-details-is-layout-flow\"><summary>Nutzer*innen hinzuf\u00fcgen<\/summary>\n<p>Ihr k\u00f6nnt andere Nutzer*innen zu Eurem Space hinzuf\u00fcgen. Wenn der Space privat ist, ist dies der einzige Weg, Nutzer*innen die Teilnahme zu erm\u00f6glichen.<\/p>\n\n\n\n<p>Dazu navigiert Ihr im Sidebar zu <strong>Members<\/strong> und nutzt die Suchfunktion, um Nutzer hinzuzuf\u00fcgen. Nachdem Ihr dies getan habt, k\u00f6nnt Ihr die Nutzer*innen anw\u00e4hlen und ihre Rollen festlegen. <\/p>\n\n\n\n<figure class=\"wp-block-image size-full\"><img decoding=\"async\" width=\"1280\" height=\"850\" async='on' loading='lazy' src=\"https:\/\/spaces.th-koeln.de\/\/app\/uploads\/sites\/14\/2020\/03\/rdj0fk62iu.gif\" alt=\"\" class=\"wp-image-457\"\/><\/figure>\n<\/details>\n\n\n\n<details class=\"wp-block-details is-layout-flow wp-block-details-is-layout-flow\"><summary>Nutzer*innen Einladungslink senden<\/summary>\n<p>Ihr k\u00f6nnt anderen Nutzer*innen zu Eurem Space einen Einladungslink senden. Diesen k\u00f6nnt Ihr auch mit einem Passwort versehen. Wenn die Nutzer*innen auf den Link klicken, gelangen Sie unmittelbar zu Eurem Space und werden als Autor*innen hinzugef\u00fcgt. Diese Funktion ist besonders praktisch bei geschlossenen Spaces. <\/p>\n\n\n\n<p>Um einen Einladungslink zu generieren, navigiert Ihr zum Menu Einstellungen \/ Settings und dort zum Untermenu Space Sichtbarkeit -&gt; Einladungslink. Im Eingabefeld findet Ihr den Link, den Ihr mit dem Tastaturbefehl Strg+C kopieren k\u00f6nnt.<\/p>\n\n\n\n<figure class=\"wp-block-image size-full\"><img decoding=\"async\" width=\"1059\" height=\"810\" async='on' loading='lazy' src=\"https:\/\/spaces.th-koeln.de\/app\/uploads\/sites\/14\/2022\/09\/einladungslinkVerschicken-1.gif\" alt=\"\" class=\"wp-image-660\"\/><\/figure>\n\n\n\n<p> <\/p>\n<\/details>\n\n\n\n<details class=\"wp-block-details is-layout-flow wp-block-details-is-layout-flow\"><summary>Verwalten von E-Mail-Benachrichtigungen <\/summary>\n<p>Ihr k\u00f6nnt selbst entscheiden, von welchen Spaces Ihr E-Mail-Benachrichtigungen erhaltet. Dies ist in jedem der R\u00e4ume, denen Ihr beigetreten seid, unter <strong>Einstellungen <\/strong>in der Sidebar<strong> <\/strong>m\u00f6glich (&#8222;Benachrichtungen erhalten&#8220;).<br>Hinweis: Dies ist auch f\u00fcr die E-Mail-Benachrichtigungen zu Posts auf der <a href=\"http:\/\/spaces.filmschule.de\">Homepage<\/a> m\u00f6glich.<\/p>\n\n\n\n<figure class=\"wp-block-image size-full\"><img decoding=\"async\" width=\"1301\" height=\"855\" async='on' loading='lazy' src=\"https:\/\/spaces.th-koeln.de\/\/app\/uploads\/sites\/14\/2020\/03\/y2fcvaeyug.gif\" alt=\"\" class=\"wp-image-460\"\/><\/figure>\n<\/details>\n\n\n\n<details class=\"wp-block-details is-layout-flow wp-block-details-is-layout-flow\"><summary>Einen Space l\u00f6schen<\/summary>\n<p>Ein Space kann nur von dem Admin eines Spaces gel\u00f6scht werden. \u00d6ffne dazu unter Einstellungen, die Erweiterten Optionen und w\u00e4hle die Option <strong>L\u00f6sche diesen Space aus<\/strong>. Anschlie\u00dfend best\u00e4tigt man das l\u00f6schen des Spaces mit delete in dem Textfenster.<\/p>\n\n\n\n<p>Nach l\u00f6schen des Spaces erh\u00e4lt man eine R\u00fcckmeldung und wird auf die Startseite weitergeleitet. <\/p>\n\n\n\n<figure class=\"wp-block-image size-full is-resized is-style-default\"><img decoding=\"async\" async='on' loading='lazy' src=\"https:\/\/spaces.th-koeln.de\/app\/uploads\/sites\/14\/2020\/09\/delete_space_.gif\" alt=\"\" class=\"wp-image-617\" style=\"width:480px;height:269px\" width=\"480\" height=\"269\" title=\"space l\u00f6schen\"\/><\/figure>\n\n\n\n<p>Bitte beachtet, dass mit der L\u00f6schung eines Spaces automatisch auch alle enthaltenen Informationen &#8211; einschlie\u00dflich Fotos, Videos, Dokumente und Beitr\u00e4ge &#8211; verloren gehen.<\/p>\n\n\n\n<p>Sollte der Spaces versehentlicht gel\u00f6scht wurden sein, kann dieser wiederhergestellt werden. Dazu kontaktiert bitte das Spaces-Team.<\/p>\n<\/details>\n","protected":false},"excerpt":{"rendered":"","protected":false},"author":2,"featured_media":0,"parent":0,"menu_order":0,"comment_status":"closed","ping_status":"closed","template":"","meta":{"scoped_notify_notify_others":"no","footnotes":""},"class_list":["post-534","page","type-page","status-publish","hentry"],"_links":{"self":[{"href":"https:\/\/spaces.th-koeln.de\/hilfe\/wp-json\/wp\/v2\/pages\/534","targetHints":{"allow":["GET"]}}],"collection":[{"href":"https:\/\/spaces.th-koeln.de\/hilfe\/wp-json\/wp\/v2\/pages"}],"about":[{"href":"https:\/\/spaces.th-koeln.de\/hilfe\/wp-json\/wp\/v2\/types\/page"}],"author":[{"embeddable":true,"href":"https:\/\/spaces.th-koeln.de\/hilfe\/wp-json\/wp\/v2\/users\/2"}],"replies":[{"embeddable":true,"href":"https:\/\/spaces.th-koeln.de\/hilfe\/wp-json\/wp\/v2\/comments?post=534"}],"version-history":[{"count":2,"href":"https:\/\/spaces.th-koeln.de\/hilfe\/wp-json\/wp\/v2\/pages\/534\/revisions"}],"predecessor-version":[{"id":663,"href":"https:\/\/spaces.th-koeln.de\/hilfe\/wp-json\/wp\/v2\/pages\/534\/revisions\/663"}],"wp:attachment":[{"href":"https:\/\/spaces.th-koeln.de\/hilfe\/wp-json\/wp\/v2\/media?parent=534"}],"curies":[{"name":"wp","href":"https:\/\/api.w.org\/{rel}","templated":true}]}}