{"id":536,"date":"2020-03-23T08:25:20","date_gmt":"2020-03-23T08:25:20","guid":{"rendered":"https:\/\/spaces.filmschule.de\/about\/?page_id=535"},"modified":"2023-10-09T12:58:30","modified_gmt":"2023-10-09T10:58:30","slug":"inhalte-hinzufugen","status":"publish","type":"page","link":"https:\/\/spaces.th-koeln.de\/hilfe\/inhalte-hinzufugen\/","title":{"rendered":"Inhalte hinzuf\u00fcgen"},"content":{"rendered":"\n<details class=\"wp-block-details wp-block-spaces-gutenblock-block-details is-layout-flow wp-block-details-is-layout-flow\"><summary>Einen Post erstellen<\/summary>\n<p>Auf der Homepage oder in jedem Space (in dem du Autor bist), wirst du ein <strong>Textfeld <\/strong>\u00fcber den Beitr\u00e4gen sehen.  Mit einem Klick auf &#8222;<strong>add a post<\/strong>&#8220; kannst du losschreiben.<\/p>\n\n\n\n<figure class=\"wp-block-image size-full\"><img decoding=\"async\" width=\"1190\" height=\"834\" async='on' loading='lazy' src=\"https:\/\/spaces.th-koeln.de\/\/app\/uploads\/sites\/14\/2020\/03\/fzyf1vrbencomp.gif\" alt=\"\" class=\"wp-image-474\"\/><\/figure>\n\n\n\n<p>W\u00e4hrend du schreibst, wird der Post automatisch als Entwurf gespeichert, dadurch kannst du deinen Post auch sp\u00e4ter fertigstellen und deine \u00c4nderungen gehen nicht verloren. \u00dcber die <strong>drei Punkte<\/strong> findest du deinen letzten <strong>Entw\u00fcrfe \/ last drafts<\/strong>. <\/p>\n\n\n\n<figure class=\"wp-block-image size-full\"><img decoding=\"async\" width=\"1333\" height=\"835\" async='on' loading='lazy' src=\"https:\/\/spaces.th-koeln.de\/\/app\/uploads\/sites\/14\/2020\/03\/a4ofhknivy.gif\" alt=\"\" class=\"wp-image-475\"\/><\/figure>\n\n\n\n<p><\/p>\n<\/details>\n\n\n\n<details class=\"wp-block-details wp-block-spaces-gutenblock-block-details is-layout-flow wp-block-details-is-layout-flow\"><summary>Mit Kategorien arbeiten<\/summary>\n<p>Indem du deinem Post Kategorien zuweist, schaffst du eine bessere \u00dcbersicht in deinem Space. Durch Kategorien k\u00f6nnen Themen leicht \u00fcber das Men\u00fc gefunden werden.<\/p>\n\n\n\n<figure class=\"wp-block-image size-full\"><img decoding=\"async\" width=\"1247\" height=\"908\" async='on' loading='lazy' src=\"https:\/\/spaces.th-koeln.de\/\/app\/uploads\/sites\/14\/2020\/03\/ndqffskgf7.gif\" alt=\"\" class=\"wp-image-476\"\/><\/figure>\n<\/details>\n\n\n\n<details class=\"wp-block-details wp-block-spaces-gutenblock-block-details is-layout-flow wp-block-details-is-layout-flow\"><summary>Events \/ Termine erstellen<\/summary>\n<p class=\"has-very-dark-gray-color has-text-color\">Ein Event ist eine Deadline, ein Termin oder ein Meilenstein den du mit allen Mitgliedern im Space teilen kannst. Um ein Event zu erstellen, klick auf das &#8222;Plus&#8220; Symbol und w\u00e4hle \u201cMilestone\/Datum\u201d aus. Trage Titel, Kategorie, Datum und Details zum Meilenstein ein. Erstelle deinen Meilenstein indem du auf den gr\u00fcnen &#8222;Speichern&#8220; Button klickst. <\/p>\n<\/details>\n","protected":false},"excerpt":{"rendered":"","protected":false},"author":2,"featured_media":0,"parent":0,"menu_order":0,"comment_status":"closed","ping_status":"closed","template":"","meta":{"scoped_notify_notify_others":"yes","footnotes":""},"class_list":["post-536","page","type-page","status-publish","hentry"],"_links":{"self":[{"href":"https:\/\/spaces.th-koeln.de\/hilfe\/wp-json\/wp\/v2\/pages\/536","targetHints":{"allow":["GET"]}}],"collection":[{"href":"https:\/\/spaces.th-koeln.de\/hilfe\/wp-json\/wp\/v2\/pages"}],"about":[{"href":"https:\/\/spaces.th-koeln.de\/hilfe\/wp-json\/wp\/v2\/types\/page"}],"author":[{"embeddable":true,"href":"https:\/\/spaces.th-koeln.de\/hilfe\/wp-json\/wp\/v2\/users\/2"}],"replies":[{"embeddable":true,"href":"https:\/\/spaces.th-koeln.de\/hilfe\/wp-json\/wp\/v2\/comments?post=536"}],"version-history":[{"count":2,"href":"https:\/\/spaces.th-koeln.de\/hilfe\/wp-json\/wp\/v2\/pages\/536\/revisions"}],"predecessor-version":[{"id":666,"href":"https:\/\/spaces.th-koeln.de\/hilfe\/wp-json\/wp\/v2\/pages\/536\/revisions\/666"}],"wp:attachment":[{"href":"https:\/\/spaces.th-koeln.de\/hilfe\/wp-json\/wp\/v2\/media?parent=536"}],"curies":[{"name":"wp","href":"https:\/\/api.w.org\/{rel}","templated":true}]}}