{"id":540,"date":"2020-03-23T08:25:24","date_gmt":"2020-03-23T08:25:24","guid":{"rendered":"https:\/\/spaces.filmschule.de\/about\/?page_id=537"},"modified":"2024-05-13T15:16:17","modified_gmt":"2024-05-13T13:16:17","slug":"faq-2","status":"publish","type":"page","link":"https:\/\/spaces.th-koeln.de\/hilfe\/faq-2\/","title":{"rendered":"Login und Vernetzung"},"content":{"rendered":"\n<details class=\"wp-block-details is-layout-flow wp-block-details-is-layout-flow\"><summary><strong>Kommen die Namen \/ Mitglieder aus dem IDM-Pool? Also: alle TH-Angeh\u00f6rigen sind suchbar?<\/strong><\/summary>\n<p>Ja, jeder mit Campus ID ist auffindbar, sofern er sich einmal selbst auf Spaces eingeloggt hat. Es gibt keine unterschiedlichen Instanzen f\u00fcr Mitarbeitende und Studierende.<\/p>\n<\/details>\n\n\n\n<details class=\"wp-block-details is-layout-flow wp-block-details-is-layout-flow\"><summary>Kann ich meinen Namen \u00e4ndern?<\/summary>\n<p>Aktuell k\u00f6nnen Namen nicht ge\u00e4ndert werden, da sie direkt aus den Daten der CampusIT \u00fcbernommen werden.<\/p>\n<\/details>\n\n\n\n<details class=\"wp-block-details is-layout-flow wp-block-details-is-layout-flow\"><summary><strong>K\u00f6nnen auch Externe oder Alumni Zugriff auf Spaces erhalten?<\/strong><\/summary>\n<p>Externe Zug\u00e4nge sind noch in der Diskussion und werden vielleicht nachtr\u00e4glich freigeschalten. Vorerst haben jedoch nur Personen mit einer CampusID Zugang.<\/p>\n<\/details>\n\n\n\n<details class=\"wp-block-details is-layout-flow wp-block-details-is-layout-flow\"><summary><strong>Kann man Projektpartner suchen, z.B. nach bestimmten Kompetenzen?<\/strong><\/summary>\n<p>Es ist derzeit leider nicht m\u00f6glich Personen anhand Ihrer Kompetenzen zu suchen, da diese im pers\u00f6nlichen Profil nicht hinterlegt werden. Mit zuk\u00fcnftigen Versionen kann sich das nat\u00fcrlich \u00e4ndern.<\/p>\n<\/details>\n","protected":false},"excerpt":{"rendered":"","protected":false},"author":2,"featured_media":0,"parent":0,"menu_order":0,"comment_status":"closed","ping_status":"closed","template":"","meta":{"scoped_notify_notify_others":"yes","footnotes":""},"class_list":["post-540","page","type-page","status-publish","hentry"],"_links":{"self":[{"href":"https:\/\/spaces.th-koeln.de\/hilfe\/wp-json\/wp\/v2\/pages\/540","targetHints":{"allow":["GET"]}}],"collection":[{"href":"https:\/\/spaces.th-koeln.de\/hilfe\/wp-json\/wp\/v2\/pages"}],"about":[{"href":"https:\/\/spaces.th-koeln.de\/hilfe\/wp-json\/wp\/v2\/types\/page"}],"author":[{"embeddable":true,"href":"https:\/\/spaces.th-koeln.de\/hilfe\/wp-json\/wp\/v2\/users\/2"}],"replies":[{"embeddable":true,"href":"https:\/\/spaces.th-koeln.de\/hilfe\/wp-json\/wp\/v2\/comments?post=540"}],"version-history":[{"count":2,"href":"https:\/\/spaces.th-koeln.de\/hilfe\/wp-json\/wp\/v2\/pages\/540\/revisions"}],"predecessor-version":[{"id":679,"href":"https:\/\/spaces.th-koeln.de\/hilfe\/wp-json\/wp\/v2\/pages\/540\/revisions\/679"}],"wp:attachment":[{"href":"https:\/\/spaces.th-koeln.de\/hilfe\/wp-json\/wp\/v2\/media?parent=540"}],"curies":[{"name":"wp","href":"https:\/\/api.w.org\/{rel}","templated":true}]}}