{"id":635,"date":"2021-05-04T12:31:42","date_gmt":"2021-05-04T10:31:42","guid":{"rendered":"https:\/\/spaces.th-koeln.de\/hilfe\/?page_id=635"},"modified":"2021-05-04T14:19:18","modified_gmt":"2021-05-04T12:19:18","slug":"home-startseite","status":"publish","type":"page","link":"https:\/\/spaces.th-koeln.de\/hilfe\/home-startseite\/","title":{"rendered":"Home-Startseite"},"content":{"rendered":"\n\n<p class=\"is-layout-flow wp-block-details-is-layout-flow\">Die Startseite schafft einen eigenen Kommunikationsraum, auf dem alle Mitglieder eines bestimmten Bereiches unabh\u00e4ngig von Lehrveranstaltungen miteinander kommunizieren k\u00f6nnen. Da ein einziger Kommunikationsraum f\u00fcr die ganze TH K\u00f6ln viel zu gro\u00df und un\u00fcbersichtlich w\u00e4re, wurden miteinander engverbundene Lerncommunities gebildet.<\/p>\n\n\n\n\n\n<p class=\"is-layout-flow wp-block-details-is-layout-flow\">Eine Lerncommunity besteht aus Mitglieder eines bestimmten Bereiches (Lehrende, Studierende, Fakult\u00e4ts- oder Institutsorganisator*innen). Die Erstellung der Lerncommunities orientiert sich an den Studieng\u00e4ngen, Fakult\u00e4ten und einzelnen Instituten, um eine engverbundene Fachcommunity zu bilden.<\/p>\n\n\n\n\n\n<p class=\"is-layout-flow wp-block-details-is-layout-flow\">Welcher Community man zugeordnet wurde, wird direkt auf der Startseite angezeigt. \u00dcber der Funktion \u201eSchreibe einen Beitrag\u201c sind die Communities zu finden.<\/p>\n\n\n\n<figure class=\"wp-block-image size-large\"><img decoding=\"async\" width=\"530\" height=\"107\" async='on' loading='lazy' src=\"https:\/\/spaces.th-koeln.de\/app\/uploads\/sites\/14\/2021\/05\/communities-neu-530x107.jpg\" alt=\"Bild zeigt die Position der Communities \u00fcber der Funktion Erstelle einen Post auf den THspaces.\" class=\"wp-image-640\" srcset=\"https:\/\/spaces.th-koeln.de\/app\/uploads\/sites\/14\/2021\/05\/communities-neu-530x107.jpg 530w, https:\/\/spaces.th-koeln.de\/app\/uploads\/sites\/14\/2021\/05\/communities-neu-300x60.jpg 300w, https:\/\/spaces.th-koeln.de\/app\/uploads\/sites\/14\/2021\/05\/communities-neu.jpg 631w\" sizes=\"auto, (max-width: 530px) 100vw, 530px\" \/><\/figure>\n\n\n\n<p><\/p>\n\n\n\n\n\n<p class=\"is-layout-flow wp-block-details-is-layout-flow\"><em>Studierende<\/em> werden automatisch in einer passenden Lerncommunity zugeordnet. <\/p>\n\n\n\n<p><em>Lehrende<\/em> m\u00fcssen sich am Anfang \u00fcber die Einstellung in ihrem Profil der passenden Lerncommunity zuordnen. Solltest du noch in einer anderen Fakult\u00e4t \/ anderen interdisziplin\u00e4ren Zusammenh\u00e4ngen aktiv sein, kannst du dich \u00fcber dein Profil noch weiteren Lerncommunities zuordnen. \u00dcber einen Klick auf \u201eMein Profil\u201c hast du die M\u00f6glichkeit dein Profil zu editieren und weitere Communities hinzuzuf\u00fcgen.<\/p>\n\n\n\n\n\n<p class=\"is-layout-flow wp-block-details-is-layout-flow\">Sollte im Drop Down Men\u00fc im Profil die Lerncommunity nicht zu finden sein, ist diese wahrscheinlich ausgeblendet. Gib daf\u00fcr einfach die ersten Buchstaben ein, damit dir deine Community angezeigt wird. Bspw. B f\u00fcr Bibliothek.<\/p>\n\n\n\n\n\n<p class=\"is-layout-flow wp-block-details-is-layout-flow\">Auf der Startseite k\u00f6nnen Beitr\u00e4ge f\u00fcr alle Mitglieder der Lerncommunity gepostet werden. Ist man Teil von mehreren Communities wird der Beitrag in allen Communities ver\u00f6ffentlicht. Soll ein Post nur in einer Community ver\u00f6ffentlicht werden, m\u00fcssen alle anderen Communities im Profil abgew\u00e4hlt werden.<\/p>\n\n\n\n\n\n<p class=\"is-layout-flow wp-block-details-is-layout-flow\">Die selbstangelegten Spaces sind von der Startseite unabh\u00e4ngig und bleiben in ihrer Funktionalit\u00e4t gleich. Sie sind auch weiterhin \u00fcber die Grenzen einer Lerncommunity nutzbar.<\/p>\n\n","protected":false},"excerpt":{"rendered":"","protected":false},"author":23,"featured_media":0,"parent":0,"menu_order":0,"comment_status":"closed","ping_status":"closed","template":"","meta":{"scoped_notify_notify_others":"unknown","footnotes":""},"class_list":["post-635","page","type-page","status-publish","hentry"],"_links":{"self":[{"href":"https:\/\/spaces.th-koeln.de\/hilfe\/wp-json\/wp\/v2\/pages\/635","targetHints":{"allow":["GET"]}}],"collection":[{"href":"https:\/\/spaces.th-koeln.de\/hilfe\/wp-json\/wp\/v2\/pages"}],"about":[{"href":"https:\/\/spaces.th-koeln.de\/hilfe\/wp-json\/wp\/v2\/types\/page"}],"author":[{"embeddable":true,"href":"https:\/\/spaces.th-koeln.de\/hilfe\/wp-json\/wp\/v2\/users\/23"}],"replies":[{"embeddable":true,"href":"https:\/\/spaces.th-koeln.de\/hilfe\/wp-json\/wp\/v2\/comments?post=635"}],"version-history":[{"count":1,"href":"https:\/\/spaces.th-koeln.de\/hilfe\/wp-json\/wp\/v2\/pages\/635\/revisions"}],"predecessor-version":[{"id":641,"href":"https:\/\/spaces.th-koeln.de\/hilfe\/wp-json\/wp\/v2\/pages\/635\/revisions\/641"}],"wp:attachment":[{"href":"https:\/\/spaces.th-koeln.de\/hilfe\/wp-json\/wp\/v2\/media?parent=635"}],"curies":[{"name":"wp","href":"https:\/\/api.w.org\/{rel}","templated":true}]}}